{"id":48,"date":"2016-10-06T22:29:32","date_gmt":"2016-10-06T20:29:32","guid":{"rendered":"http:\/\/neumarkt-photo.de\/?page_id=48"},"modified":"2016-10-07T22:48:39","modified_gmt":"2016-10-07T20:48:39","slug":"mit-dem-hundeschlitten-durch-lappland","status":"publish","type":"page","link":"https:\/\/neumarkt-photo.de\/?page_id=48","title":{"rendered":"Mit dem Hundeschlitten durch Lappland"},"content":{"rendered":"<h3><strong>Urlaub aus der anderen Perspektiv<\/strong>e<\/h3>\n<p>Hej,<br \/>\nmein Name ist Akimo. Ich bin ein Alaskan Husky und will mal ein bisschen aus dem \u201eN\u00e4hk\u00e4stchen\u201c plaudern. Ich lebe in der Husky Lodge von <b>WILDACT.CH<\/b> in der N\u00e4he von Arvidsjaur in Schwedisch Lappland.<br \/>\nIm Januar 2011 kam mich mal wieder ein Paar deutsche Zweibeiner besuchen. Die wollten meine 49 Kumpels und Kumpelinnen und mich kennenlernen und mit uns durch die weite Winterlandschaft von Lappland ziehen. Wie immer sind wir am ersten Tag recht vorsichtig im Umgang mit den Zweibeinern, denn wir wissen ja nicht, ob die mit unserer Art der Freude und des Arbeitens so vertraut sind. Jeder von uns hat so seine eigene ganz pers\u00f6nliche Art, dabei \u201cb\u00f6sen\u201d \u00dcberraschungen vorzubeugen. Ich bevorzuge erst mal die Zur\u00fcckhaltung.<img loading=\"lazy\" decoding=\"async\" class=\"size-medium wp-image-137 aligncenter\" src=\"http:\/\/neumarkt-photo.de\/wp-content\/uploads\/NSB02-300x197.jpg\" alt=\"\" width=\"300\" height=\"197\" srcset=\"https:\/\/neumarkt-photo.de\/wp-content\/uploads\/NSB02-300x197.jpg 300w, https:\/\/neumarkt-photo.de\/wp-content\/uploads\/NSB02.jpg 400w\" sizes=\"(max-width: 300px) 100vw, 300px\" \/>Wenn die Zweibeiner mir das Laufgeschirr und die Booties anziehen wollen, lege ich mich hin. Die meisten meiner Kumpels bleiben eigentlich dabei stehen (das ist n\u00e4mlich f\u00fcr die Zweibeiner leichter). Aber besser ist besser und mal sehen wie die Zweibeiner sich so anstellen, wenn ich mich \u201estur\u201c stelle. Schlie\u00dflich sind die zum Spa\u00df hier und den sollen sie auch gleich zu Beginn mit mir haben.<\/p>\n<p>Wenn diese H\u00fcrde genommen ist, darf ich endlich mit meiner Schwester und meinen Kumpels vor den Schlitten, der schon mit allem Notwendigen (hoffentlich auch mit gen\u00fcgend Futter f\u00fcr uns) f\u00fcr die n\u00e4chsten Tage in der Wildnis gepackt ist.<\/p>\n<p>Geht\u2019s jetzt endlich los? Sonst wird unser Bellen und Jaulen immer lauter \u2013 wir wollen n\u00e4mlich laufen!<\/p>\n<p>Schneeanker raus \u2013 Fertig \u2013 Okay! \u2013 und ab geht\u2019s mit kr\u00e4ftigem Zug.<\/p>\n<p>Mal schauen, ob der Zweibeiner sich auf meinem Schlitten halten kann. Naja die ersten Meter sind etwas holperig. Der Zweibeiner steht mehr auf der Bremse als auf den Kufen, aber das wird schon \u2013 sagt mir meine Erfahrung. Nach ein paar Kilometern sind wir Zwei- und Vierbeiner ein eingespieltes Team \u2013 wir ziehen; wenn\u2019s bergan geht, muss der Zweibeiner ab und an runter vom Schlitten und mitlaufen, denn der Schnee ist sehr tief und der Trail recht weich.<br \/>\n<img loading=\"lazy\" decoding=\"async\" class=\"size-medium wp-image-138 aligncenter\" src=\"http:\/\/neumarkt-photo.de\/wp-content\/uploads\/NSB03-300x225.jpg\" alt=\"\" width=\"300\" height=\"225\" srcset=\"https:\/\/neumarkt-photo.de\/wp-content\/uploads\/NSB03-300x225.jpg 300w, https:\/\/neumarkt-photo.de\/wp-content\/uploads\/NSB03.jpg 400w\" sizes=\"(max-width: 300px) 100vw, 300px\" \/>In der Mittagspause bekommen wir zuerst was zu futtern, dann sind die Zweibeiner dran. Und weiter geht\u2019s\u2026 nach 4-5 Stunden Laufen haben wir unser Ziel erreicht. Geschafft! Tagwerk vollbracht!<\/p>\n<p>Nun d\u00fcrfen wir uns Knuddeln und Kraulen sowie von Laufgeschirr und Booties befreien lassen \u2013 wenn die Zweibeiner nicht schnell genug sind, ziehen wir die Booties auch selber aus \u2013 daf\u00fcr gibt\u2019s dann meist ein \u201eExtra-Lob\u201c\u2026 Jetzt noch was futtern, dann zu einer Kugel zusammenrollen und schlafen. Hoffentlich kommen die Zweibeiner jetzt nicht noch zig mal vorbei und st\u00f6ren uns bei unserem Sch\u00f6nheitsschlaf. Gute Nacht \u2013 auch den Zweibeinern, die erst mal in der Holzh\u00fctte heizen und dann auf dem offenen Feuer ihr Essen zubereiten m\u00fcssen. Da haben wir\u2019s schon leichter \u2013 einfach Sch\u00fcssel in affenartiger Geschwindigkeit auslecken, damit nicht der Kumpel noch was raus klaut.<\/p>\n<p>Ein neuer Tag \u2013 wir sind schon l\u00e4ngst wach und warten auf die morgendliche Streicheleinheit sowie das Futter. Ich geb\u2019s ja zu, ich bin bestechlich. Wenn der Zweibeiner sich anst\u00e4ndig um mich k\u00fcmmert, l\u00e4sst meine Zur\u00fcckhaltung nach und beim \u201elauffertig-machen\u201c werde ich kooperativ \u2013 sprich, ich schmei\u00df mich nicht mehr in den Schnee\u2026 So geht\u2019s auch schneller, und wir d\u00fcrfen wieder vor den Schlitten und unserer Arbeit nachgehen. So vergehen die Tage \u2013 einer fast wieder andere.<\/p>\n<p>Leider ist die Mehrtagestour mal wieder viel zu schnell zu Ende. Bei der Ankunft in der Husky-Lodge werden wir lautstark von unseren zur\u00fcckgebliebenen Kumpels begr\u00fc\u00dft. Nun d\u00fcrfen wir wieder in den Zwinger und uns erholen.<br \/>\n<img loading=\"lazy\" decoding=\"async\" class=\"size-medium wp-image-139 aligncenter\" src=\"http:\/\/neumarkt-photo.de\/wp-content\/uploads\/NSB04-219x300.jpg\" alt=\"\" width=\"219\" height=\"300\" srcset=\"https:\/\/neumarkt-photo.de\/wp-content\/uploads\/NSB04-219x300.jpg 219w, https:\/\/neumarkt-photo.de\/wp-content\/uploads\/NSB04.jpg 292w\" sizes=\"(max-width: 219px) 100vw, 219px\" \/><br \/>\nDie Zweibeiner haben an den n\u00e4chsten Tagen morgens und abends immer nochmal vorbeigeschaut, so dass wir nicht gleich unter dem Entzug von Knuddeleinheiten leiden mussten.<\/p>\n<p>Aber dann kommt das Traurigste an der ganzen Geschichte \u2013 wir m\u00fcssen uns von den liebgewordenen Zweibeinern verabschieden, denn die m\u00fcssen wieder in die Heimat, um das Geld zu verdienen, damit sie wieder zu uns kommen k\u00f6nnen.<\/p>\n<p>Hoffentlich \u2013 meine Kumpels und ich w\u00fcrden uns freuen, wenn die Zweibeiner zum Wiederholungst\u00e4ter werden! Wuff Wuff!<\/p>\n<p style=\"text-align: right;\"><a href=\"http:\/\/neumarkt-photo.de\/?page_id=184\">zur Bildergalerie&#8230;<\/a><\/p>\n<p>&nbsp;<\/p>\n<p>&nbsp;<\/p>\n","protected":false},"excerpt":{"rendered":"<p>Urlaub aus der anderen Perspektive Hej, mein Name ist Akimo. Ich bin ein Alaskan Husky und will mal ein bisschen aus dem \u201eN\u00e4hk\u00e4stchen\u201c plaudern. Ich lebe in der Husky Lodge von WILDACT.CH in der N\u00e4he von Arvidsjaur in Schwedisch Lappland. Im Januar 2011 kam mich mal wieder ein Paar deutsche Zweibeiner besuchen. Die wollten meine [&hellip;]<\/p>\n","protected":false},"author":1,"featured_media":0,"parent":13,"menu_order":0,"comment_status":"closed","ping_status":"closed","template":"page-templates\/front-page.php","meta":{"footnotes":""},"_links":{"self":[{"href":"https:\/\/neumarkt-photo.de\/index.php?rest_route=\/wp\/v2\/pages\/48"}],"collection":[{"href":"https:\/\/neumarkt-photo.de\/index.php?rest_route=\/wp\/v2\/pages"}],"about":[{"href":"https:\/\/neumarkt-photo.de\/index.php?rest_route=\/wp\/v2\/types\/page"}],"author":[{"embeddable":true,"href":"https:\/\/neumarkt-photo.de\/index.php?rest_route=\/wp\/v2\/users\/1"}],"replies":[{"embeddable":true,"href":"https:\/\/neumarkt-photo.de\/index.php?rest_route=%2Fwp%2Fv2%2Fcomments&post=48"}],"version-history":[{"count":7,"href":"https:\/\/neumarkt-photo.de\/index.php?rest_route=\/wp\/v2\/pages\/48\/revisions"}],"predecessor-version":[{"id":196,"href":"https:\/\/neumarkt-photo.de\/index.php?rest_route=\/wp\/v2\/pages\/48\/revisions\/196"}],"up":[{"embeddable":true,"href":"https:\/\/neumarkt-photo.de\/index.php?rest_route=\/wp\/v2\/pages\/13"}],"wp:attachment":[{"href":"https:\/\/neumarkt-photo.de\/index.php?rest_route=%2Fwp%2Fv2%2Fmedia&parent=48"}],"curies":[{"name":"wp","href":"https:\/\/api.w.org\/{rel}","templated":true}]}}