{"id":13,"date":"2016-10-04T21:59:28","date_gmt":"2016-10-04T19:59:28","guid":{"rendered":"http:\/\/neumarkt-photo.de\/?page_id=13"},"modified":"2016-10-08T18:21:29","modified_gmt":"2016-10-08T16:21:29","slug":"reiseberichte","status":"publish","type":"page","link":"https:\/\/neumarkt-photo.de\/?page_id=13","title":{"rendered":"Reiseberichte"},"content":{"rendered":"<h2><a href=\"http:\/\/neumarkt-photo.de\/?page_id=48\">Mit dem Hundeschlitten durch Lappland<\/a><\/h2>\n<h3><strong>Urlaub aus der anderen Perspektiv<\/strong>e<\/h3>\n<p>Hej,<br \/>\nmein Name ist Akimo. Ich bin ein Alaskan Husky und will mal ein bisschen aus dem \u201eN\u00e4hk\u00e4stchen\u201c plaudern. Ich lebe in der Husky Lodge von <b>WILDACT.CH<\/b> in der N\u00e4he von Arvidsjaur in Schwedisch Lappland.<br \/>\nIm Januar 2011 kam mich mal wieder ein Paar deutsche Zweibeiner besuchen. Die wollten meine 49 Kumpels und Kumpelinnen und mich kennenlernen und mit uns durch die weite Winterlandschaft von Lappland ziehen&#8230;<\/p>\n<p><a href=\"http:\/\/neumarkt-photo.de\/?page_id=48\"><img loading=\"lazy\" decoding=\"async\" class=\"size-medium wp-image-20 aligncenter\" src=\"http:\/\/neumarkt-photo.de\/wp-content\/uploads\/2016\/10\/S059-300x225.jpg\" alt=\"\" width=\"300\" height=\"225\" srcset=\"https:\/\/neumarkt-photo.de\/wp-content\/uploads\/2016\/10\/S059-300x225.jpg 300w, https:\/\/neumarkt-photo.de\/wp-content\/uploads\/2016\/10\/S059.jpg 667w\" sizes=\"(max-width: 300px) 100vw, 300px\" \/><\/a><\/p>\n<h2><a href=\"http:\/\/neumarkt-photo.de\/?page_id=55\">R\u00f8m\u00f8<\/a><\/h2>\n<h3><strong>D\u00e4nen l\u00fcgen nicht&#8230;<\/strong><\/h3>\n<p style=\"text-align: left;\">Dieses Zitat aus einem Klassiker von Otto Waalkes war eindeutig nicht der Ausl\u00f6ser f\u00fcr einen Urlaub auf R\u00f8m\u00f8. Die Insel liegt 6 Kilometer n\u00f6rdlich von Sylt. Sie ist damit die s\u00fcdlichste d\u00e4nische Nordseeinsel und geh\u00f6rt zu den d\u00e4nischen Wattenmeer Inseln.<br \/>\nDie Insel hat etwa 650 Einwohner und ist mit dem Festland verbunden \u00fcber den sogenannten R\u00f8m\u00f8-Damm. R\u00f8m\u00f8, das 1190 erstmals schriftlich erw\u00e4hnt wurde, geh\u00f6rte zwischen 1864 und 1920 zu Schleswig Holstein. In einer Volksabstimmung entschieden sich die Bewohner aber f\u00fcr eine Zugeh\u00f6rigkeit zu D\u00e4nemark&#8230;<\/p>\n<p style=\"text-align: center;\">\n<a href=\"http:\/\/neumarkt-photo.de\/?page_id=55\"><img loading=\"lazy\" decoding=\"async\" class=\"size-medium wp-image-199\" src=\"http:\/\/neumarkt-photo.de\/wp-content\/uploads\/RB_R-16-300x200.jpg\" alt=\"\" width=\"300\" height=\"200\" srcset=\"https:\/\/neumarkt-photo.de\/wp-content\/uploads\/RB_R-16-300x200.jpg 300w, https:\/\/neumarkt-photo.de\/wp-content\/uploads\/RB_R-16-768x512.jpg 768w, https:\/\/neumarkt-photo.de\/wp-content\/uploads\/RB_R-16-845x563.jpg 845w, https:\/\/neumarkt-photo.de\/wp-content\/uploads\/RB_R-16-624x416.jpg 624w\" sizes=\"(max-width: 300px) 100vw, 300px\" \/><\/a><\/p>\n","protected":false},"excerpt":{"rendered":"<p>Mit dem Hundeschlitten durch Lappland Urlaub aus der anderen Perspektive Hej, mein Name ist Akimo. Ich bin ein Alaskan Husky und will mal ein bisschen aus dem \u201eN\u00e4hk\u00e4stchen\u201c plaudern. Ich lebe in der Husky Lodge von WILDACT.CH in der N\u00e4he von Arvidsjaur in Schwedisch Lappland. Im Januar 2011 kam mich mal wieder ein Paar deutsche [&hellip;]<\/p>\n","protected":false},"author":1,"featured_media":0,"parent":11,"menu_order":0,"comment_status":"closed","ping_status":"closed","template":"","meta":{"footnotes":""},"_links":{"self":[{"href":"https:\/\/neumarkt-photo.de\/index.php?rest_route=\/wp\/v2\/pages\/13"}],"collection":[{"href":"https:\/\/neumarkt-photo.de\/index.php?rest_route=\/wp\/v2\/pages"}],"about":[{"href":"https:\/\/neumarkt-photo.de\/index.php?rest_route=\/wp\/v2\/types\/page"}],"author":[{"embeddable":true,"href":"https:\/\/neumarkt-photo.de\/index.php?rest_route=\/wp\/v2\/users\/1"}],"replies":[{"embeddable":true,"href":"https:\/\/neumarkt-photo.de\/index.php?rest_route=%2Fwp%2Fv2%2Fcomments&post=13"}],"version-history":[{"count":13,"href":"https:\/\/neumarkt-photo.de\/index.php?rest_route=\/wp\/v2\/pages\/13\/revisions"}],"predecessor-version":[{"id":200,"href":"https:\/\/neumarkt-photo.de\/index.php?rest_route=\/wp\/v2\/pages\/13\/revisions\/200"}],"up":[{"embeddable":true,"href":"https:\/\/neumarkt-photo.de\/index.php?rest_route=\/wp\/v2\/pages\/11"}],"wp:attachment":[{"href":"https:\/\/neumarkt-photo.de\/index.php?rest_route=%2Fwp%2Fv2%2Fmedia&parent=13"}],"curies":[{"name":"wp","href":"https:\/\/api.w.org\/{rel}","templated":true}]}}